{"id":672,"date":"2021-10-11T15:34:17","date_gmt":"2021-10-11T21:34:17","guid":{"rendered":"https:\/\/tta.com.gt\/?page_id=672"},"modified":"2022-01-22T12:45:51","modified_gmt":"2022-01-22T18:45:51","slug":"partners","status":"publish","type":"page","link":"https:\/\/tta.com.gt\/en\/partners\/","title":{"rendered":"Partners"},"content":{"rendered":"\t\t<div data-elementor-type=\"wp-page\" data-elementor-id=\"672\" class=\"elementor elementor-672\">\n\t\t\t\t\t\t<section class=\"elementor-section elementor-top-section elementor-element elementor-element-468b69f elementor-section-stretched elementor-section-boxed elementor-section-height-default elementor-section-height-default\" data-id=\"468b69f\" data-element_type=\"section\" data-e-type=\"section\" data-settings=\"{&quot;stretch_section&quot;:&quot;section-stretched&quot;,&quot;background_background&quot;:&quot;classic&quot;}\">\n\t\t\t\t\t\t<div class=\"elementor-container elementor-column-gap-default\">\n\t\t\t\t\t<div class=\"elementor-column elementor-col-100 elementor-top-column elementor-element elementor-element-72d7171\" data-id=\"72d7171\" data-element_type=\"column\" data-e-type=\"column\">\n\t\t\t<div class=\"elementor-widget-wrap elementor-element-populated\">\n\t\t\t\t\t\t<section class=\"elementor-section elementor-inner-section elementor-element elementor-element-fb104f6 elementor-section-boxed elementor-section-height-default elementor-section-height-default\" data-id=\"fb104f6\" data-element_type=\"section\" data-e-type=\"section\">\n\t\t\t\t\t\t<div class=\"elementor-container elementor-column-gap-default\">\n\t\t\t\t\t<div class=\"elementor-column elementor-col-33 elementor-inner-column elementor-element elementor-element-4a24047\" data-id=\"4a24047\" data-element_type=\"column\" data-e-type=\"column\">\n\t\t\t<div class=\"elementor-widget-wrap elementor-element-populated\">\n\t\t\t\t\t\t<div class=\"elementor-element elementor-element-6c75b9b ecofil-small-svg elementor-widget elementor-widget-image\" data-id=\"6c75b9b\" data-element_type=\"widget\" data-e-type=\"widget\" data-widget_type=\"image.default\">\n\t\t\t\t<div class=\"elementor-widget-container\">\n\t\t\t\t\t\t\t\t\t\t\t\t\t\t\t<img decoding=\"async\" src=\"https:\/\/tta.com.gt\/wp-content\/uploads\/2021\/08\/ecofil-1.svg\" class=\"attachment-full size-full wp-image-513\" alt=\"Ecofil\" \/>\t\t\t\t\t\t\t\t\t\t\t\t\t\t\t<\/div>\n\t\t\t\t<\/div>\n\t\t\t\t\t<\/div>\n\t\t<\/div>\n\t\t\t\t<div class=\"elementor-column elementor-col-66 elementor-inner-column elementor-element elementor-element-67404fa\" data-id=\"67404fa\" data-element_type=\"column\" data-e-type=\"column\">\n\t\t\t<div class=\"elementor-widget-wrap elementor-element-populated\">\n\t\t\t\t\t\t<div class=\"elementor-element elementor-element-d785a2e elementor-widget elementor-widget-heading\" data-id=\"d785a2e\" data-element_type=\"widget\" data-e-type=\"widget\" data-widget_type=\"heading.default\">\n\t\t\t\t<div class=\"elementor-widget-container\">\n\t\t\t\t\t<h2 class=\"elementor-heading-title elementor-size-xl\">A world of possibilities.<\/h2>\t\t\t\t<\/div>\n\t\t\t\t<\/div>\n\t\t\t\t<div class=\"elementor-element elementor-element-c5e5d7d elementor-widget elementor-widget-text-editor\" data-id=\"c5e5d7d\" data-element_type=\"widget\" data-e-type=\"widget\" data-widget_type=\"text-editor.default\">\n\t\t\t\t<div class=\"elementor-widget-container\">\n\t\t\t\t\t\t\t\t\t<p>This is how our partners are innovating and creating products and amazing brands with ecofil.<\/p>\t\t\t\t\t\t\t\t<\/div>\n\t\t\t\t<\/div>\n\t\t\t\t\t<\/div>\n\t\t<\/div>\n\t\t\t\t\t<\/div>\n\t\t<\/section>\n\t\t\t\t<div class=\"elementor-element elementor-element-caf08bd elementor-widget elementor-widget-menu-anchor\" data-id=\"caf08bd\" data-element_type=\"widget\" data-e-type=\"widget\" data-widget_type=\"menu-anchor.default\">\n\t\t\t\t<div class=\"elementor-widget-container\">\n\t\t\t\t\t\t\t<div class=\"elementor-menu-anchor\" id=\"brands\"><\/div>\n\t\t\t\t\t\t<\/div>\n\t\t\t\t<\/div>\n\t\t\t\t<section class=\"elementor-section elementor-inner-section elementor-element elementor-element-8f3d4e6 elementor-section-boxed elementor-section-height-default elementor-section-height-default\" data-id=\"8f3d4e6\" data-element_type=\"section\" data-e-type=\"section\">\n\t\t\t\t\t\t<div class=\"elementor-container elementor-column-gap-default\">\n\t\t\t\t\t<div class=\"elementor-column elementor-col-33 elementor-inner-column elementor-element elementor-element-c819896\" data-id=\"c819896\" data-element_type=\"column\" data-e-type=\"column\">\n\t\t\t<div class=\"elementor-widget-wrap elementor-element-populated\">\n\t\t\t\t\t\t<div class=\"elementor-element elementor-element-7c64f93 elementor-widget elementor-widget-image\" data-id=\"7c64f93\" data-element_type=\"widget\" data-e-type=\"widget\" data-widget_type=\"image.default\">\n\t\t\t\t<div class=\"elementor-widget-container\">\n\t\t\t\t\t\t\t\t\t\t\t\t\t\t\t<img fetchpriority=\"high\" decoding=\"async\" width=\"800\" height=\"870\" src=\"https:\/\/tta.com.gt\/wp-content\/uploads\/2021\/08\/sportwear.jpeg\" class=\"attachment-large size-large wp-image-166\" alt=\"SPORTWEAR\" srcset=\"https:\/\/tta.com.gt\/wp-content\/uploads\/2021\/08\/sportwear.jpeg 800w, https:\/\/tta.com.gt\/wp-content\/uploads\/2021\/08\/sportwear-276x300.jpeg 276w, https:\/\/tta.com.gt\/wp-content\/uploads\/2021\/08\/sportwear-768x835.jpeg 768w\" sizes=\"(max-width: 800px) 100vw, 800px\" \/>\t\t\t\t\t\t\t\t\t\t\t\t\t\t\t<\/div>\n\t\t\t\t<\/div>\n\t\t\t\t<div class=\"elementor-element elementor-element-584960d elementor-widget elementor-widget-heading\" data-id=\"584960d\" data-element_type=\"widget\" data-e-type=\"widget\" data-widget_type=\"heading.default\">\n\t\t\t\t<div class=\"elementor-widget-container\">\n\t\t\t\t\t<p class=\"elementor-heading-title elementor-size-default\">SPORTWEAR<\/p>\t\t\t\t<\/div>\n\t\t\t\t<\/div>\n\t\t\t\t\t<\/div>\n\t\t<\/div>\n\t\t\t\t<div class=\"elementor-column elementor-col-33 elementor-inner-column elementor-element elementor-element-7cc5ae9\" data-id=\"7cc5ae9\" data-element_type=\"column\" data-e-type=\"column\">\n\t\t\t<div class=\"elementor-widget-wrap elementor-element-populated\">\n\t\t\t\t\t\t<div class=\"elementor-element elementor-element-f5792ac elementor-widget elementor-widget-image\" data-id=\"f5792ac\" data-element_type=\"widget\" data-e-type=\"widget\" data-widget_type=\"image.default\">\n\t\t\t\t<div class=\"elementor-widget-container\">\n\t\t\t\t\t\t\t\t\t\t\t\t\t\t\t<img decoding=\"async\" width=\"800\" height=\"870\" src=\"https:\/\/tta.com.gt\/wp-content\/uploads\/2021\/08\/outdoor.jpeg\" class=\"attachment-large size-large wp-image-171\" alt=\"OUTDOOR\" srcset=\"https:\/\/tta.com.gt\/wp-content\/uploads\/2021\/08\/outdoor.jpeg 800w, https:\/\/tta.com.gt\/wp-content\/uploads\/2021\/08\/outdoor-276x300.jpeg 276w, https:\/\/tta.com.gt\/wp-content\/uploads\/2021\/08\/outdoor-768x835.jpeg 768w\" sizes=\"(max-width: 800px) 100vw, 800px\" \/>\t\t\t\t\t\t\t\t\t\t\t\t\t\t\t<\/div>\n\t\t\t\t<\/div>\n\t\t\t\t<div class=\"elementor-element elementor-element-2904b10 elementor-widget elementor-widget-heading\" data-id=\"2904b10\" data-element_type=\"widget\" data-e-type=\"widget\" data-widget_type=\"heading.default\">\n\t\t\t\t<div class=\"elementor-widget-container\">\n\t\t\t\t\t<p class=\"elementor-heading-title elementor-size-default\">OUTDOOR<\/p>\t\t\t\t<\/div>\n\t\t\t\t<\/div>\n\t\t\t\t\t<\/div>\n\t\t<\/div>\n\t\t\t\t<div class=\"elementor-column elementor-col-33 elementor-inner-column elementor-element elementor-element-f627b4b\" data-id=\"f627b4b\" data-element_type=\"column\" data-e-type=\"column\">\n\t\t\t<div class=\"elementor-widget-wrap elementor-element-populated\">\n\t\t\t\t\t\t<div class=\"elementor-element elementor-element-82393aa elementor-widget elementor-widget-image\" data-id=\"82393aa\" data-element_type=\"widget\" data-e-type=\"widget\" data-widget_type=\"image.default\">\n\t\t\t\t<div class=\"elementor-widget-container\">\n\t\t\t\t\t\t\t\t\t\t\t\t\t\t\t<img decoding=\"async\" width=\"800\" height=\"870\" src=\"https:\/\/tta.com.gt\/wp-content\/uploads\/2021\/08\/fashion.jpeg\" class=\"attachment-large size-large wp-image-173\" alt=\"FASHION\" srcset=\"https:\/\/tta.com.gt\/wp-content\/uploads\/2021\/08\/fashion.jpeg 800w, https:\/\/tta.com.gt\/wp-content\/uploads\/2021\/08\/fashion-276x300.jpeg 276w, https:\/\/tta.com.gt\/wp-content\/uploads\/2021\/08\/fashion-768x835.jpeg 768w\" sizes=\"(max-width: 800px) 100vw, 800px\" \/>\t\t\t\t\t\t\t\t\t\t\t\t\t\t\t<\/div>\n\t\t\t\t<\/div>\n\t\t\t\t<div class=\"elementor-element elementor-element-db43ed5 elementor-widget elementor-widget-heading\" data-id=\"db43ed5\" data-element_type=\"widget\" data-e-type=\"widget\" data-widget_type=\"heading.default\">\n\t\t\t\t<div class=\"elementor-widget-container\">\n\t\t\t\t\t<p class=\"elementor-heading-title elementor-size-default\">FASHION<\/p>\t\t\t\t<\/div>\n\t\t\t\t<\/div>\n\t\t\t\t\t<\/div>\n\t\t<\/div>\n\t\t\t\t\t<\/div>\n\t\t<\/section>\n\t\t\t\t<section class=\"elementor-section elementor-inner-section elementor-element elementor-element-577d243 elementor-section-boxed elementor-section-height-default elementor-section-height-default\" data-id=\"577d243\" data-element_type=\"section\" data-e-type=\"section\">\n\t\t\t\t\t\t<div class=\"elementor-container elementor-column-gap-default\">\n\t\t\t\t\t<div class=\"elementor-column elementor-col-33 elementor-inner-column elementor-element elementor-element-0679f06\" data-id=\"0679f06\" data-element_type=\"column\" data-e-type=\"column\">\n\t\t\t<div class=\"elementor-widget-wrap elementor-element-populated\">\n\t\t\t\t\t\t<div class=\"elementor-element elementor-element-d22dfd0 elementor-widget elementor-widget-image\" data-id=\"d22dfd0\" data-element_type=\"widget\" data-e-type=\"widget\" data-widget_type=\"image.default\">\n\t\t\t\t<div class=\"elementor-widget-container\">\n\t\t\t\t\t\t\t\t\t\t\t\t\t\t\t<img loading=\"lazy\" decoding=\"async\" width=\"800\" height=\"870\" src=\"https:\/\/tta.com.gt\/wp-content\/uploads\/2021\/08\/basics.jpeg\" class=\"attachment-large size-large wp-image-175\" alt=\"BASICS\" srcset=\"https:\/\/tta.com.gt\/wp-content\/uploads\/2021\/08\/basics.jpeg 800w, https:\/\/tta.com.gt\/wp-content\/uploads\/2021\/08\/basics-276x300.jpeg 276w, https:\/\/tta.com.gt\/wp-content\/uploads\/2021\/08\/basics-768x835.jpeg 768w\" sizes=\"(max-width: 800px) 100vw, 800px\" \/>\t\t\t\t\t\t\t\t\t\t\t\t\t\t\t<\/div>\n\t\t\t\t<\/div>\n\t\t\t\t<div class=\"elementor-element elementor-element-0b969fb elementor-widget elementor-widget-heading\" data-id=\"0b969fb\" data-element_type=\"widget\" data-e-type=\"widget\" data-widget_type=\"heading.default\">\n\t\t\t\t<div class=\"elementor-widget-container\">\n\t\t\t\t\t<p class=\"elementor-heading-title elementor-size-default\">BASICS<\/p>\t\t\t\t<\/div>\n\t\t\t\t<\/div>\n\t\t\t\t\t<\/div>\n\t\t<\/div>\n\t\t\t\t<div class=\"elementor-column elementor-col-33 elementor-inner-column elementor-element elementor-element-49367d2\" data-id=\"49367d2\" data-element_type=\"column\" data-e-type=\"column\">\n\t\t\t<div class=\"elementor-widget-wrap elementor-element-populated\">\n\t\t\t\t\t\t<div class=\"elementor-element elementor-element-286df0d elementor-widget elementor-widget-image\" data-id=\"286df0d\" data-element_type=\"widget\" data-e-type=\"widget\" data-widget_type=\"image.default\">\n\t\t\t\t<div class=\"elementor-widget-container\">\n\t\t\t\t\t\t\t\t\t\t\t\t\t\t\t<img loading=\"lazy\" decoding=\"async\" width=\"800\" height=\"870\" src=\"https:\/\/tta.com.gt\/wp-content\/uploads\/2021\/08\/swimwear.jpeg\" class=\"attachment-large size-large wp-image-169\" alt=\"SWIMWEAR\" srcset=\"https:\/\/tta.com.gt\/wp-content\/uploads\/2021\/08\/swimwear.jpeg 800w, https:\/\/tta.com.gt\/wp-content\/uploads\/2021\/08\/swimwear-276x300.jpeg 276w, https:\/\/tta.com.gt\/wp-content\/uploads\/2021\/08\/swimwear-768x835.jpeg 768w\" sizes=\"(max-width: 800px) 100vw, 800px\" \/>\t\t\t\t\t\t\t\t\t\t\t\t\t\t\t<\/div>\n\t\t\t\t<\/div>\n\t\t\t\t<div class=\"elementor-element elementor-element-8a4957d elementor-widget elementor-widget-heading\" data-id=\"8a4957d\" data-element_type=\"widget\" data-e-type=\"widget\" data-widget_type=\"heading.default\">\n\t\t\t\t<div class=\"elementor-widget-container\">\n\t\t\t\t\t<p class=\"elementor-heading-title elementor-size-default\">SWIMWEAR<\/p>\t\t\t\t<\/div>\n\t\t\t\t<\/div>\n\t\t\t\t\t<\/div>\n\t\t<\/div>\n\t\t\t\t<div class=\"elementor-column elementor-col-33 elementor-inner-column elementor-element elementor-element-6a16c99\" data-id=\"6a16c99\" data-element_type=\"column\" data-e-type=\"column\">\n\t\t\t<div class=\"elementor-widget-wrap elementor-element-populated\">\n\t\t\t\t\t\t<div class=\"elementor-element elementor-element-b58d3ea elementor-widget elementor-widget-image\" data-id=\"b58d3ea\" data-element_type=\"widget\" data-e-type=\"widget\" data-widget_type=\"image.default\">\n\t\t\t\t<div class=\"elementor-widget-container\">\n\t\t\t\t\t\t\t\t\t\t\t\t\t\t\t<img loading=\"lazy\" decoding=\"async\" width=\"800\" height=\"870\" src=\"https:\/\/tta.com.gt\/wp-content\/uploads\/2021\/08\/accesorios.jpeg\" class=\"attachment-large size-large wp-image-177\" alt=\"ACCESORIOS\" srcset=\"https:\/\/tta.com.gt\/wp-content\/uploads\/2021\/08\/accesorios.jpeg 800w, https:\/\/tta.com.gt\/wp-content\/uploads\/2021\/08\/accesorios-276x300.jpeg 276w, https:\/\/tta.com.gt\/wp-content\/uploads\/2021\/08\/accesorios-768x835.jpeg 768w\" sizes=\"(max-width: 800px) 100vw, 800px\" \/>\t\t\t\t\t\t\t\t\t\t\t\t\t\t\t<\/div>\n\t\t\t\t<\/div>\n\t\t\t\t<div class=\"elementor-element elementor-element-889b26a elementor-widget elementor-widget-heading\" data-id=\"889b26a\" data-element_type=\"widget\" data-e-type=\"widget\" data-widget_type=\"heading.default\">\n\t\t\t\t<div class=\"elementor-widget-container\">\n\t\t\t\t\t<p class=\"elementor-heading-title elementor-size-default\">ACCESSORIES<\/p>\t\t\t\t<\/div>\n\t\t\t\t<\/div>\n\t\t\t\t\t<\/div>\n\t\t<\/div>\n\t\t\t\t\t<\/div>\n\t\t<\/section>\n\t\t\t\t\t<\/div>\n\t\t<\/div>\n\t\t\t\t\t<\/div>\n\t\t<\/section>\n\t\t\t\t<section class=\"elementor-section elementor-top-section elementor-element elementor-element-46ec5cb elementor-section-boxed elementor-section-height-default elementor-section-height-default\" data-id=\"46ec5cb\" data-element_type=\"section\" data-e-type=\"section\">\n\t\t\t\t\t\t<div class=\"elementor-container elementor-column-gap-default\">\n\t\t\t\t\t<div class=\"elementor-column elementor-col-100 elementor-top-column elementor-element elementor-element-40ed65b\" data-id=\"40ed65b\" data-element_type=\"column\" data-e-type=\"column\">\n\t\t\t<div class=\"elementor-widget-wrap\">\n\t\t\t\t\t\t\t<\/div>\n\t\t<\/div>\n\t\t\t\t\t<\/div>\n\t\t<\/section>\n\t\t\t\t<\/div>\n\t\t","protected":false},"excerpt":{"rendered":"<p>A world of possibilities. This is how our partners are innovating and creating products and amazing brands with ecofil. SPORTWEAR OUTDOOR FASHION BASICS SWIMWEAR ACCESSORIES<\/p>\n","protected":false},"author":1,"featured_media":0,"parent":0,"menu_order":0,"comment_status":"closed","ping_status":"closed","template":"","meta":{"footnotes":""},"class_list":["post-672","page","type-page","status-publish","hentry"],"yoast_head":"<!-- This site is optimized with the Yoast SEO plugin v27.4 - https:\/\/yoast.com\/product\/yoast-seo-wordpress\/ -->\n<title>Partners - TTA - Tecnolog\u00eda Textil Avanzada<\/title>\n<meta name=\"description\" content=\"This is how our partners are innovating and creating products and amazing brands with ecofil. A World of possibilities.\" \/>\n<meta name=\"robots\" content=\"index, follow, max-snippet:-1, max-image-preview:large, max-video-preview:-1\" \/>\n<link rel=\"canonical\" href=\"https:\/\/tta.com.gt\/en\/partners\/\" \/>\n<meta property=\"og:locale\" content=\"en_US\" \/>\n<meta property=\"og:type\" content=\"article\" \/>\n<meta property=\"og:title\" content=\"Partners - TTA - Tecnolog\u00eda Textil Avanzada\" \/>\n<meta property=\"og:description\" content=\"This is how our partners are innovating and creating products and amazing brands with ecofil. A World of possibilities.\" \/>\n<meta property=\"og:url\" content=\"https:\/\/tta.com.gt\/en\/partners\/\" \/>\n<meta property=\"og:site_name\" content=\"TTA - Tecnolog\u00eda Textil Avanzada\" \/>\n<meta property=\"article:modified_time\" content=\"2022-01-22T18:45:51+00:00\" \/>\n<meta property=\"og:image\" content=\"https:\/\/tta.com.gt\/wp-content\/uploads\/2021\/08\/ecofil-1.svg\" \/>\n<meta name=\"twitter:card\" content=\"summary_large_image\" \/>\n<meta name=\"twitter:label1\" content=\"Est. reading time\" \/>\n\t<meta name=\"twitter:data1\" content=\"2 minutes\" \/>\n<script type=\"application\/ld+json\" class=\"yoast-schema-graph\">{\"@context\":\"https:\\\/\\\/schema.org\",\"@graph\":[{\"@type\":\"WebPage\",\"@id\":\"https:\\\/\\\/tta.com.gt\\\/en\\\/partners\\\/\",\"url\":\"https:\\\/\\\/tta.com.gt\\\/en\\\/partners\\\/\",\"name\":\"Partners - TTA - Tecnolog\u00eda Textil Avanzada\",\"isPartOf\":{\"@id\":\"https:\\\/\\\/tta.com.gt\\\/#website\"},\"primaryImageOfPage\":{\"@id\":\"https:\\\/\\\/tta.com.gt\\\/en\\\/partners\\\/#primaryimage\"},\"image\":{\"@id\":\"https:\\\/\\\/tta.com.gt\\\/en\\\/partners\\\/#primaryimage\"},\"thumbnailUrl\":\"https:\\\/\\\/tta.com.gt\\\/wp-content\\\/uploads\\\/2021\\\/08\\\/ecofil-1.svg\",\"datePublished\":\"2021-10-11T21:34:17+00:00\",\"dateModified\":\"2022-01-22T18:45:51+00:00\",\"description\":\"This is how our partners are innovating and creating products and amazing brands with ecofil. A World of possibilities.\",\"breadcrumb\":{\"@id\":\"https:\\\/\\\/tta.com.gt\\\/en\\\/partners\\\/#breadcrumb\"},\"inLanguage\":\"en-US\",\"potentialAction\":[{\"@type\":\"ReadAction\",\"target\":[\"https:\\\/\\\/tta.com.gt\\\/en\\\/partners\\\/\"]}]},{\"@type\":\"ImageObject\",\"inLanguage\":\"en-US\",\"@id\":\"https:\\\/\\\/tta.com.gt\\\/en\\\/partners\\\/#primaryimage\",\"url\":\"https:\\\/\\\/tta.com.gt\\\/wp-content\\\/uploads\\\/2021\\\/08\\\/ecofil-1.svg\",\"contentUrl\":\"https:\\\/\\\/tta.com.gt\\\/wp-content\\\/uploads\\\/2021\\\/08\\\/ecofil-1.svg\"},{\"@type\":\"BreadcrumbList\",\"@id\":\"https:\\\/\\\/tta.com.gt\\\/en\\\/partners\\\/#breadcrumb\",\"itemListElement\":[{\"@type\":\"ListItem\",\"position\":1,\"name\":\"Portada\",\"item\":\"https:\\\/\\\/tta.com.gt\\\/en\\\/\"},{\"@type\":\"ListItem\",\"position\":2,\"name\":\"Partners\"}]},{\"@type\":\"WebSite\",\"@id\":\"https:\\\/\\\/tta.com.gt\\\/#website\",\"url\":\"https:\\\/\\\/tta.com.gt\\\/\",\"name\":\"TTA - Tecnolog\u00eda Textil Avanzada\",\"description\":\"Empresa recicladora que transforma la vida lineal de una botella de pl\u00e1stico PET a una vida c\u00edclica.\",\"publisher\":{\"@id\":\"https:\\\/\\\/tta.com.gt\\\/#organization\"},\"potentialAction\":[{\"@type\":\"SearchAction\",\"target\":{\"@type\":\"EntryPoint\",\"urlTemplate\":\"https:\\\/\\\/tta.com.gt\\\/?s={search_term_string}\"},\"query-input\":{\"@type\":\"PropertyValueSpecification\",\"valueRequired\":true,\"valueName\":\"search_term_string\"}}],\"inLanguage\":\"en-US\"},{\"@type\":\"Organization\",\"@id\":\"https:\\\/\\\/tta.com.gt\\\/#organization\",\"name\":\"TTA - Tecnolog\u00eda Textil Avanzada\",\"url\":\"https:\\\/\\\/tta.com.gt\\\/\",\"logo\":{\"@type\":\"ImageObject\",\"inLanguage\":\"en-US\",\"@id\":\"https:\\\/\\\/tta.com.gt\\\/#\\\/schema\\\/logo\\\/image\\\/\",\"url\":\"https:\\\/\\\/tta.com.gt\\\/wp-content\\\/uploads\\\/2021\\\/08\\\/logo.svg\",\"contentUrl\":\"https:\\\/\\\/tta.com.gt\\\/wp-content\\\/uploads\\\/2021\\\/08\\\/logo.svg\",\"width\":1,\"height\":1,\"caption\":\"TTA - Tecnolog\u00eda Textil Avanzada\"},\"image\":{\"@id\":\"https:\\\/\\\/tta.com.gt\\\/#\\\/schema\\\/logo\\\/image\\\/\"}}]}<\/script>\n<!-- \/ Yoast SEO plugin. -->","yoast_head_json":{"title":"Partners - TTA - Tecnolog\u00eda Textil Avanzada","description":"This is how our partners are innovating and creating products and amazing brands with ecofil. A World of possibilities.","robots":{"index":"index","follow":"follow","max-snippet":"max-snippet:-1","max-image-preview":"max-image-preview:large","max-video-preview":"max-video-preview:-1"},"canonical":"https:\/\/tta.com.gt\/en\/partners\/","og_locale":"en_US","og_type":"article","og_title":"Partners - TTA - Tecnolog\u00eda Textil Avanzada","og_description":"This is how our partners are innovating and creating products and amazing brands with ecofil. A World of possibilities.","og_url":"https:\/\/tta.com.gt\/en\/partners\/","og_site_name":"TTA - Tecnolog\u00eda Textil Avanzada","article_modified_time":"2022-01-22T18:45:51+00:00","og_image":[{"url":"https:\/\/tta.com.gt\/wp-content\/uploads\/2021\/08\/ecofil-1.svg","type":"","width":"","height":""}],"twitter_card":"summary_large_image","twitter_misc":{"Est. reading time":"2 minutes"},"schema":{"@context":"https:\/\/schema.org","@graph":[{"@type":"WebPage","@id":"https:\/\/tta.com.gt\/en\/partners\/","url":"https:\/\/tta.com.gt\/en\/partners\/","name":"Partners - TTA - Tecnolog\u00eda Textil Avanzada","isPartOf":{"@id":"https:\/\/tta.com.gt\/#website"},"primaryImageOfPage":{"@id":"https:\/\/tta.com.gt\/en\/partners\/#primaryimage"},"image":{"@id":"https:\/\/tta.com.gt\/en\/partners\/#primaryimage"},"thumbnailUrl":"https:\/\/tta.com.gt\/wp-content\/uploads\/2021\/08\/ecofil-1.svg","datePublished":"2021-10-11T21:34:17+00:00","dateModified":"2022-01-22T18:45:51+00:00","description":"This is how our partners are innovating and creating products and amazing brands with ecofil. A World of possibilities.","breadcrumb":{"@id":"https:\/\/tta.com.gt\/en\/partners\/#breadcrumb"},"inLanguage":"en-US","potentialAction":[{"@type":"ReadAction","target":["https:\/\/tta.com.gt\/en\/partners\/"]}]},{"@type":"ImageObject","inLanguage":"en-US","@id":"https:\/\/tta.com.gt\/en\/partners\/#primaryimage","url":"https:\/\/tta.com.gt\/wp-content\/uploads\/2021\/08\/ecofil-1.svg","contentUrl":"https:\/\/tta.com.gt\/wp-content\/uploads\/2021\/08\/ecofil-1.svg"},{"@type":"BreadcrumbList","@id":"https:\/\/tta.com.gt\/en\/partners\/#breadcrumb","itemListElement":[{"@type":"ListItem","position":1,"name":"Portada","item":"https:\/\/tta.com.gt\/en\/"},{"@type":"ListItem","position":2,"name":"Partners"}]},{"@type":"WebSite","@id":"https:\/\/tta.com.gt\/#website","url":"https:\/\/tta.com.gt\/","name":"TTA - Tecnolog\u00eda Textil Avanzada","description":"Empresa recicladora que transforma la vida lineal de una botella de pl\u00e1stico PET a una vida c\u00edclica.","publisher":{"@id":"https:\/\/tta.com.gt\/#organization"},"potentialAction":[{"@type":"SearchAction","target":{"@type":"EntryPoint","urlTemplate":"https:\/\/tta.com.gt\/?s={search_term_string}"},"query-input":{"@type":"PropertyValueSpecification","valueRequired":true,"valueName":"search_term_string"}}],"inLanguage":"en-US"},{"@type":"Organization","@id":"https:\/\/tta.com.gt\/#organization","name":"TTA - Tecnolog\u00eda Textil Avanzada","url":"https:\/\/tta.com.gt\/","logo":{"@type":"ImageObject","inLanguage":"en-US","@id":"https:\/\/tta.com.gt\/#\/schema\/logo\/image\/","url":"https:\/\/tta.com.gt\/wp-content\/uploads\/2021\/08\/logo.svg","contentUrl":"https:\/\/tta.com.gt\/wp-content\/uploads\/2021\/08\/logo.svg","width":1,"height":1,"caption":"TTA - Tecnolog\u00eda Textil Avanzada"},"image":{"@id":"https:\/\/tta.com.gt\/#\/schema\/logo\/image\/"}}]}},"_links":{"self":[{"href":"https:\/\/tta.com.gt\/en\/wp-json\/wp\/v2\/pages\/672","targetHints":{"allow":["GET"]}}],"collection":[{"href":"https:\/\/tta.com.gt\/en\/wp-json\/wp\/v2\/pages"}],"about":[{"href":"https:\/\/tta.com.gt\/en\/wp-json\/wp\/v2\/types\/page"}],"author":[{"embeddable":true,"href":"https:\/\/tta.com.gt\/en\/wp-json\/wp\/v2\/users\/1"}],"replies":[{"embeddable":true,"href":"https:\/\/tta.com.gt\/en\/wp-json\/wp\/v2\/comments?post=672"}],"version-history":[{"count":5,"href":"https:\/\/tta.com.gt\/en\/wp-json\/wp\/v2\/pages\/672\/revisions"}],"predecessor-version":[{"id":796,"href":"https:\/\/tta.com.gt\/en\/wp-json\/wp\/v2\/pages\/672\/revisions\/796"}],"wp:attachment":[{"href":"https:\/\/tta.com.gt\/en\/wp-json\/wp\/v2\/media?parent=672"}],"curies":[{"name":"wp","href":"https:\/\/api.w.org\/{rel}","templated":true}]}}